{"id":47,"date":"2022-05-30T21:22:46","date_gmt":"2022-05-30T19:22:46","guid":{"rendered":"https:\/\/veneziadeigondolieri.it.encom.io\/?page_id=47"},"modified":"2022-06-28T13:13:57","modified_gmt":"2022-06-28T11:13:57","slug":"about","status":"publish","type":"page","link":"https:\/\/www.veneziadeigondolieri.it\/it\/about\/","title":{"rendered":"About"},"content":{"rendered":"\n<div class=\"wp-container-1 wp-block-group py-5 has-background\" style=\"background-color:#dd5113\"><div class=\"wp-block-group__inner-container\"><div class=\"wp-bootstrap-blocks-container container mb-0 px-4\">\n\t\n\n<h2 class=\"text-title font-size-regular line-height-regular font-weight-bold has-white-color has-text-color\">IL PROGETTO<\/h2>\n\n\n\n<p class=\"text-body font-size-big line-height-big font-weight-medium has-black-color has-text-color\" style=\"line-height:1.1\">Il racconto di Venezia e dei veneziani, con la sua storia, la sua cultura, le sue tradizioni. \u00c8 questo il progetto che i gondolieri presentano con la loro <em>prima guida ufficiale<\/em>.<\/p>\n\n<\/div>\n<\/div><\/div>\n\n\n\n<div style=\"height:70px\" aria-hidden=\"true\" class=\"wp-block-spacer\"><\/div>\n\n\n<div class=\"wp-bootstrap-blocks-container container mb-2 px-4\">\n\t\n<div class=\"wp-bootstrap-blocks-row row align-items-center\">\n\t\n\n<div class=\"col-12 col-md-6 col-lg-4 d-block mb-3\">\n\t\t\t\n\n<figure class=\"wp-block-image size-full\"><img loading=\"lazy\" width=\"1024\" height=\"683\" src=\"https:\/\/www.veneziadeigondolieri.it\/wp-content\/uploads\/2022\/06\/Gondolieri_progetto.jpeg\" alt=\"\" class=\"wp-image-5245\" srcset=\"https:\/\/www.veneziadeigondolieri.it\/wp-content\/uploads\/2022\/06\/Gondolieri_progetto.jpeg 1024w, https:\/\/www.veneziadeigondolieri.it\/wp-content\/uploads\/2022\/06\/Gondolieri_progetto-300x200.jpeg 300w, https:\/\/www.veneziadeigondolieri.it\/wp-content\/uploads\/2022\/06\/Gondolieri_progetto-768x512.jpeg 768w\" sizes=\"(max-width: 1024px) 100vw, 1024px\" \/><\/figure>\n\n\t<\/div>\n\n\n\n<div class=\"col-12 col-md-6 col-lg-8 col-xl-6\">\n\t\t\t\n\n<p class=\"text-body font-size-small line-height-small font-weight-medium\">La guida propone sei itinerari, <strong><mark style=\"background-color:rgba(0, 0, 0, 0)\" class=\"has-inline-color has-luminous-vivid-orange-color\">pi\u00f9 uno per le isole<\/mark><\/strong>. Si parte dalla Stazione, come accadeva un tempo per chi arrivava in barca dal Brenta, per incamminarsi idealmente verso l\u2019Adriatico, seguendo la via maestra del Canal Grande. I traghetti (parade) \u2013 il servizio che permette di passare da una sponda all\u2019altra &#8211; ne sono lo snodo, il punto di partenza e l\u2019approdo, come veri protagonisti di una narrazione svolta guardando la citt\u00e0 a pelo d\u2019acqua.<\/p>\n\n\t<\/div>\n\n<\/div>\n\n<\/div>\n\n\n\n<div style=\"height:70px\" aria-hidden=\"true\" class=\"wp-block-spacer\"><\/div>\n\n\n<div class=\"wp-bootstrap-blocks-container container mb-0 px-4 mb-4\">\n\t\n\n<hr class=\"wp-block-separator has-text-color has-alpha-channel-opacity has-background is-style-wide\" style=\"background-color:#de5114;color:#de5114\"\/>\n\n\n\n<div style=\"height:35px\" aria-hidden=\"true\" class=\"wp-block-spacer\"><\/div>\n\n\n\n<h2 class=\"font-family-title font-weight-bold font-size-small line-height-small has-black-color has-text-color\" style=\"text-transform:uppercase\">VENEZIA. La guida UFFICIALE dei gondolieri<\/h2>\n\n\n\n<div style=\"height:35px\" aria-hidden=\"true\" class=\"wp-block-spacer\"><\/div>\n\n\n<div class=\"wp-bootstrap-blocks-container container mb-2\">\n\t\n<div class=\"wp-bootstrap-blocks-row row align-items-center\">\n\t\n\n<div class=\"col-12 col-md-6 col-lg-4\">\n\t\t\t\n\n<figure class=\"wp-block-image size-large w-100 img-fluid\"><img loading=\"lazy\" width=\"1024\" height=\"826\" src=\"https:\/\/www.veneziadeigondolieri.it\/wp-content\/uploads\/2022\/06\/Gondolieri_copertine-1-1024x826.jpeg\" alt=\"\" class=\"wp-image-5680\" srcset=\"https:\/\/www.veneziadeigondolieri.it\/wp-content\/uploads\/2022\/06\/Gondolieri_copertine-1-1024x826.jpeg 1024w, https:\/\/www.veneziadeigondolieri.it\/wp-content\/uploads\/2022\/06\/Gondolieri_copertine-1-300x242.jpeg 300w, https:\/\/www.veneziadeigondolieri.it\/wp-content\/uploads\/2022\/06\/Gondolieri_copertine-1-768x619.jpeg 768w, https:\/\/www.veneziadeigondolieri.it\/wp-content\/uploads\/2022\/06\/Gondolieri_copertine-1-1536x1239.jpeg 1536w, https:\/\/www.veneziadeigondolieri.it\/wp-content\/uploads\/2022\/06\/Gondolieri_copertine-1.jpeg 1653w\" sizes=\"(max-width: 1024px) 100vw, 1024px\" \/><\/figure>\n\n\t<\/div>\n\n\n\n<div class=\"col-12 col-md-6 col-lg-8 col-xl-6\">\n\t\t\t\n\n<p class=\"text-body font-size-small line-height-small font-weight-medium\">Con la nostra guida scoprirete le bellezze storiche di Venezia, ma anche una citt\u00e0 viva e pulsante: una citt\u00e0 unica, che appare antica ma \u00e8 in realt\u00e0 proiettata nel futuro, esempio da sempre di un perfetto stile di vita. A Venezia si cammina o si va in barca, ci si incontra viso a viso, si vivono ritmi a dimensione umana. Qui nulla \u00e8 fermo, tutto scorre come le maree, il movimento dell\u2019acqua \u00e8 il respiro e la forza di questa citt\u00e0 che tanto amiamo.<\/p>\n\n\n\n<a target=\"_blank\" class=\"mt-2 px-4 py-3 btn btn-secondary bg-secondary border-0 rounded-pill text-title\" style=\"font-weight:700;\" href=\"https:\/\/www.amazon.it\/dp\/8832066769\/ref=cm_sw_em_r_mt_dp_SY6TA7RFHZ2MRNVM87HK\" rel=\"noopener\">Acquista ora<\/a>\n\n\t<\/div>\n\n<\/div>\n\n<\/div>\n\n\n\n<p><\/p>\n\n<\/div>\n","protected":false},"excerpt":{"rendered":"","protected":false},"author":1,"featured_media":0,"parent":0,"menu_order":0,"comment_status":"closed","ping_status":"closed","template":"","meta":[],"yoast_head":"<!-- This site is optimized with the Yoast SEO plugin v19.2 - https:\/\/yoast.com\/wordpress\/plugins\/seo\/ -->\n<title>About - Venezia - La guida ufficiale dei Gondolieri<\/title>\n<meta name=\"robots\" content=\"index, follow, max-snippet:-1, max-image-preview:large, max-video-preview:-1\" \/>\n<link rel=\"canonical\" href=\"https:\/\/www.veneziadeigondolieri.it\/en\/about\/\" \/>\n<meta property=\"og:locale\" content=\"it_IT\" \/>\n<meta property=\"og:type\" content=\"article\" \/>\n<meta property=\"og:title\" content=\"About - Venezia - La guida ufficiale dei Gondolieri\" \/>\n<meta property=\"og:url\" content=\"https:\/\/www.veneziadeigondolieri.it\/en\/about\/\" \/>\n<meta property=\"og:site_name\" content=\"Venezia - La guida ufficiale dei Gondolieri\" \/>\n<meta property=\"article:modified_time\" content=\"2022-06-28T11:13:57+00:00\" \/>\n<meta property=\"og:image\" content=\"https:\/\/www.veneziadeigondolieri.it\/wp-content\/uploads\/2022\/06\/Gondolieri_progetto.jpeg\" \/>\n<meta name=\"author\" content=\"nzamborlini\" \/>\n<meta name=\"twitter:card\" content=\"summary_large_image\" \/>\n<meta name=\"twitter:label1\" content=\"Tempo di lettura stimato\" \/>\n\t<meta name=\"twitter:data1\" content=\"1 minuto\" \/>\n<script type=\"application\/ld+json\" class=\"yoast-schema-graph\">{\"@context\":\"https:\/\/schema.org\",\"@graph\":[{\"@type\":\"Organization\",\"@id\":\"https:\/\/www.veneziadeigondolieri.it\/fr\/#organization\",\"name\":\"Venezia - La Guida Ufficiale dei Gondolieri\",\"url\":\"https:\/\/www.veneziadeigondolieri.it\/fr\/\",\"sameAs\":[],\"logo\":{\"@type\":\"ImageObject\",\"inLanguage\":\"it-IT\",\"@id\":\"https:\/\/www.veneziadeigondolieri.it\/fr\/#\/schema\/logo\/image\/\",\"url\":\"https:\/\/www.veneziadeigondolieri.it\/wp-content\/uploads\/2022\/07\/logo.svg\",\"contentUrl\":\"https:\/\/www.veneziadeigondolieri.it\/wp-content\/uploads\/2022\/07\/logo.svg\",\"caption\":\"Venezia - La Guida Ufficiale dei Gondolieri\"},\"image\":{\"@id\":\"https:\/\/www.veneziadeigondolieri.it\/fr\/#\/schema\/logo\/image\/\"}},{\"@type\":\"WebSite\",\"@id\":\"https:\/\/www.veneziadeigondolieri.it\/fr\/#website\",\"url\":\"https:\/\/www.veneziadeigondolieri.it\/fr\/\",\"name\":\"Venezia - La guida ufficiale dei Gondolieri\",\"description\":\"\",\"publisher\":{\"@id\":\"https:\/\/www.veneziadeigondolieri.it\/fr\/#organization\"},\"potentialAction\":[{\"@type\":\"SearchAction\",\"target\":{\"@type\":\"EntryPoint\",\"urlTemplate\":\"https:\/\/www.veneziadeigondolieri.it\/fr\/?s={search_term_string}\"},\"query-input\":\"required name=search_term_string\"}],\"inLanguage\":\"it-IT\"},{\"@type\":\"ImageObject\",\"inLanguage\":\"it-IT\",\"@id\":\"https:\/\/www.veneziadeigondolieri.it\/en\/about\/#primaryimage\",\"url\":\"https:\/\/www.veneziadeigondolieri.it\/wp-content\/uploads\/2022\/06\/Gondolieri_progetto.jpeg\",\"contentUrl\":\"https:\/\/www.veneziadeigondolieri.it\/wp-content\/uploads\/2022\/06\/Gondolieri_progetto.jpeg\",\"width\":1024,\"height\":683},{\"@type\":\"WebPage\",\"@id\":\"https:\/\/www.veneziadeigondolieri.it\/en\/about\/#webpage\",\"url\":\"https:\/\/www.veneziadeigondolieri.it\/en\/about\/\",\"name\":\"About - Venezia - La guida ufficiale dei Gondolieri\",\"isPartOf\":{\"@id\":\"https:\/\/www.veneziadeigondolieri.it\/fr\/#website\"},\"primaryImageOfPage\":{\"@id\":\"https:\/\/www.veneziadeigondolieri.it\/en\/about\/#primaryimage\"},\"datePublished\":\"2022-05-30T19:22:46+00:00\",\"dateModified\":\"2022-06-28T11:13:57+00:00\",\"breadcrumb\":{\"@id\":\"https:\/\/www.veneziadeigondolieri.it\/en\/about\/#breadcrumb\"},\"inLanguage\":\"it-IT\",\"potentialAction\":[{\"@type\":\"ReadAction\",\"target\":[\"https:\/\/www.veneziadeigondolieri.it\/en\/about\/\"]}]},{\"@type\":\"BreadcrumbList\",\"@id\":\"https:\/\/www.veneziadeigondolieri.it\/en\/about\/#breadcrumb\",\"itemListElement\":[{\"@type\":\"ListItem\",\"position\":1,\"name\":\"Home\",\"item\":\"https:\/\/www.veneziadeigondolieri.it\/it\/\"},{\"@type\":\"ListItem\",\"position\":2,\"name\":\"About\"}]}]}<\/script>\n<!-- \/ Yoast SEO plugin. -->","yoast_head_json":{"title":"About - Venezia - La guida ufficiale dei Gondolieri","robots":{"index":"index","follow":"follow","max-snippet":"max-snippet:-1","max-image-preview":"max-image-preview:large","max-video-preview":"max-video-preview:-1"},"canonical":"https:\/\/www.veneziadeigondolieri.it\/en\/about\/","og_locale":"it_IT","og_type":"article","og_title":"About - Venezia - La guida ufficiale dei Gondolieri","og_url":"https:\/\/www.veneziadeigondolieri.it\/en\/about\/","og_site_name":"Venezia - La guida ufficiale dei Gondolieri","article_modified_time":"2022-06-28T11:13:57+00:00","og_image":[{"url":"https:\/\/www.veneziadeigondolieri.it\/wp-content\/uploads\/2022\/06\/Gondolieri_progetto.jpeg"}],"author":"nzamborlini","twitter_card":"summary_large_image","twitter_misc":{"Tempo di lettura stimato":"1 minuto"},"schema":{"@context":"https:\/\/schema.org","@graph":[{"@type":"Organization","@id":"https:\/\/www.veneziadeigondolieri.it\/fr\/#organization","name":"Venezia - La Guida Ufficiale dei Gondolieri","url":"https:\/\/www.veneziadeigondolieri.it\/fr\/","sameAs":[],"logo":{"@type":"ImageObject","inLanguage":"it-IT","@id":"https:\/\/www.veneziadeigondolieri.it\/fr\/#\/schema\/logo\/image\/","url":"https:\/\/www.veneziadeigondolieri.it\/wp-content\/uploads\/2022\/07\/logo.svg","contentUrl":"https:\/\/www.veneziadeigondolieri.it\/wp-content\/uploads\/2022\/07\/logo.svg","caption":"Venezia - La Guida Ufficiale dei Gondolieri"},"image":{"@id":"https:\/\/www.veneziadeigondolieri.it\/fr\/#\/schema\/logo\/image\/"}},{"@type":"WebSite","@id":"https:\/\/www.veneziadeigondolieri.it\/fr\/#website","url":"https:\/\/www.veneziadeigondolieri.it\/fr\/","name":"Venezia - La guida ufficiale dei Gondolieri","description":"","publisher":{"@id":"https:\/\/www.veneziadeigondolieri.it\/fr\/#organization"},"potentialAction":[{"@type":"SearchAction","target":{"@type":"EntryPoint","urlTemplate":"https:\/\/www.veneziadeigondolieri.it\/fr\/?s={search_term_string}"},"query-input":"required name=search_term_string"}],"inLanguage":"it-IT"},{"@type":"ImageObject","inLanguage":"it-IT","@id":"https:\/\/www.veneziadeigondolieri.it\/en\/about\/#primaryimage","url":"https:\/\/www.veneziadeigondolieri.it\/wp-content\/uploads\/2022\/06\/Gondolieri_progetto.jpeg","contentUrl":"https:\/\/www.veneziadeigondolieri.it\/wp-content\/uploads\/2022\/06\/Gondolieri_progetto.jpeg","width":1024,"height":683},{"@type":"WebPage","@id":"https:\/\/www.veneziadeigondolieri.it\/en\/about\/#webpage","url":"https:\/\/www.veneziadeigondolieri.it\/en\/about\/","name":"About - Venezia - La guida ufficiale dei Gondolieri","isPartOf":{"@id":"https:\/\/www.veneziadeigondolieri.it\/fr\/#website"},"primaryImageOfPage":{"@id":"https:\/\/www.veneziadeigondolieri.it\/en\/about\/#primaryimage"},"datePublished":"2022-05-30T19:22:46+00:00","dateModified":"2022-06-28T11:13:57+00:00","breadcrumb":{"@id":"https:\/\/www.veneziadeigondolieri.it\/en\/about\/#breadcrumb"},"inLanguage":"it-IT","potentialAction":[{"@type":"ReadAction","target":["https:\/\/www.veneziadeigondolieri.it\/en\/about\/"]}]},{"@type":"BreadcrumbList","@id":"https:\/\/www.veneziadeigondolieri.it\/en\/about\/#breadcrumb","itemListElement":[{"@type":"ListItem","position":1,"name":"Home","item":"https:\/\/www.veneziadeigondolieri.it\/it\/"},{"@type":"ListItem","position":2,"name":"About"}]}]}},"_links":{"self":[{"href":"https:\/\/www.veneziadeigondolieri.it\/it\/wp-json\/wp\/v2\/pages\/47"}],"collection":[{"href":"https:\/\/www.veneziadeigondolieri.it\/it\/wp-json\/wp\/v2\/pages"}],"about":[{"href":"https:\/\/www.veneziadeigondolieri.it\/it\/wp-json\/wp\/v2\/types\/page"}],"author":[{"embeddable":true,"href":"https:\/\/www.veneziadeigondolieri.it\/it\/wp-json\/wp\/v2\/users\/1"}],"replies":[{"embeddable":true,"href":"https:\/\/www.veneziadeigondolieri.it\/it\/wp-json\/wp\/v2\/comments?post=47"}],"version-history":[{"count":66,"href":"https:\/\/www.veneziadeigondolieri.it\/it\/wp-json\/wp\/v2\/pages\/47\/revisions"}],"predecessor-version":[{"id":5248,"href":"https:\/\/www.veneziadeigondolieri.it\/it\/wp-json\/wp\/v2\/pages\/47\/revisions\/5248"}],"wp:attachment":[{"href":"https:\/\/www.veneziadeigondolieri.it\/it\/wp-json\/wp\/v2\/media?parent=47"}],"curies":[{"name":"wp","href":"https:\/\/api.w.org\/{rel}","templated":true}]}}