{"id":264,"date":"2022-06-08T18:37:29","date_gmt":"2022-06-08T16:37:29","guid":{"rendered":"https:\/\/veneziadeigondolieri.it.encom.io\/?page_id=264"},"modified":"2022-09-12T14:57:24","modified_gmt":"2022-09-12T12:57:24","slug":"home","status":"publish","type":"page","link":"https:\/\/www.veneziadeigondolieri.it\/it\/","title":{"rendered":"Home"},"content":{"rendered":"\n<div class=\"wp-container-1 wp-block-group pt-4 has-white-background-color has-background\"><div class=\"wp-block-group__inner-container\"><div class=\"wp-bootstrap-blocks-container container mb-0 px-4\">\n\t<\/div>\n\n\n<div class=\"wp-bootstrap-blocks-container container mb-0 px-4\">\n\t\n<div class=\"wp-bootstrap-blocks-row row align-items-center\">\n\t\n\n<div class=\"col-12 col-md-6 col-lg-4\">\n\t\t\t\n\n<figure class=\"wp-block-image size-full is-style-default img-fluid w-100 mb-3\"><img loading=\"lazy\" width=\"1024\" height=\"1024\" src=\"https:\/\/www.veneziadeigondolieri.it\/wp-content\/uploads\/2022\/06\/Gondola_homepage.jpeg\" alt=\"\" class=\"wp-image-5239\" srcset=\"https:\/\/www.veneziadeigondolieri.it\/wp-content\/uploads\/2022\/06\/Gondola_homepage.jpeg 1024w, https:\/\/www.veneziadeigondolieri.it\/wp-content\/uploads\/2022\/06\/Gondola_homepage-300x300.jpeg 300w, https:\/\/www.veneziadeigondolieri.it\/wp-content\/uploads\/2022\/06\/Gondola_homepage-150x150.jpeg 150w, https:\/\/www.veneziadeigondolieri.it\/wp-content\/uploads\/2022\/06\/Gondola_homepage-768x768.jpeg 768w\" sizes=\"(max-width: 1024px) 100vw, 1024px\" \/><\/figure>\n\n\t<\/div>\n\n\n\n<div class=\"col-12 col-md-6 col-lg-8 col-xl-6\">\n\t\t\t\n\n<p class=\"font-family-body font-size-large line-height-large has-black-color has-text-color\" style=\"line-height:1.1\">Vi porteremo a scoprire l\u2019anima pi\u00f9 vera di Venezia in sei itinerari ideali che potrete percorrere liberamente.<\/p>\n\n\t<\/div>\n\n<\/div>\n\n<\/div>\n<\/div><\/div>\n\n\n<div class=\"wp-bootstrap-blocks-container container mb-0 px-4 mt-4\">\n\t\n\n<hr class=\"wp-block-separator has-text-color has-alpha-channel-opacity has-background is-style-wide\" style=\"background-color:#de5114;color:#de5114\"\/>\n\n\n\n<h2 class=\"font-family-title font-weight-extrabold text-secondary mt-5 mb-3 has-black-color has-text-color\" style=\"font-size:19px;text-transform:uppercase\">PERCORSI<\/h2>\n\n\n<div class=\"container-fluid px-0\">\n\t<div class=\"row\">\n\n\t\t<div class=\"col-12 col-md-6 col-lg-4\">\n<article class=\"itineraries-loop-item mb-5\">\n\n\t<a href=\"https:\/\/www.veneziadeigondolieri.it\/it\/places\/come-i-veneziani\/arte\" class=\"text-decoration-none text-primary\">\n\t\t\t\t\t<div style=\"background:url(https:\/\/www.veneziadeigondolieri.it\/wp-content\/uploads\/2022\/06\/Itinerario-1_2.jpeg); background-repeat:no-repeat;background-size:cover;background-position:50%;\" class=\"loop-featured-image d-block mb-2\">\n\t\t\t<\/div>\n\t\t\n\t\t<p class=\"m-0 p-0 mt-3 font-family-title font-weight-regular font-size-small line-height-small\">\n\t\t\tItinerario 1\t\t<\/p>\n\n\t\t<h3 class=\"m-0 p-0 font-family-body font-size-medium line-height-medium\">\n\t\t\tCome i veneziani\t\t<\/h3>\n\n\t\t<p class=\"m-0 p-0 font-family-body font-size-small line-height-small\">\n\t\t\tDalla stazione al traghetto di Santa Sofia\t\t<\/p>\n\t<\/a>\n\n<\/article><\/div><div class=\"col-12 col-md-6 col-lg-4\">\n<article class=\"itineraries-loop-item mb-5\">\n\n\t<a href=\"https:\/\/www.veneziadeigondolieri.it\/it\/places\/nel-cuore-di-venezia\/arte\" class=\"text-decoration-none text-primary\">\n\t\t\t\t\t<div style=\"background:url(https:\/\/www.veneziadeigondolieri.it\/wp-content\/uploads\/2022\/06\/Itinerario-2-2.jpeg); background-repeat:no-repeat;background-size:cover;background-position:50%;\" class=\"loop-featured-image d-block mb-2\">\n\t\t\t<\/div>\n\t\t\n\t\t<p class=\"m-0 p-0 mt-3 font-family-title font-weight-regular font-size-small line-height-small\">\n\t\t\tItinerario 2\t\t<\/p>\n\n\t\t<h3 class=\"m-0 p-0 font-family-body font-size-medium line-height-medium\">\n\t\t\tNel cuore di Venezia\t\t<\/h3>\n\n\t\t<p class=\"m-0 p-0 font-family-body font-size-small line-height-small\">\n\t\t\tDal mercato di Rialto a Riva del vin\t\t<\/p>\n\t<\/a>\n\n<\/article><\/div><div class=\"col-12 col-md-6 col-lg-4\">\n<article class=\"itineraries-loop-item mb-5\">\n\n\t<a href=\"https:\/\/www.veneziadeigondolieri.it\/it\/places\/venezia-eclettica\/arte\" class=\"text-decoration-none text-primary\">\n\t\t\t\t\t<div style=\"background:url(https:\/\/www.veneziadeigondolieri.it\/wp-content\/uploads\/2022\/06\/Itinerario-3_1-2.jpeg); background-repeat:no-repeat;background-size:cover;background-position:50%;\" class=\"loop-featured-image d-block mb-2\">\n\t\t\t<\/div>\n\t\t\n\t\t<p class=\"m-0 p-0 mt-3 font-family-title font-weight-regular font-size-small line-height-small\">\n\t\t\tItinerario 3\t\t<\/p>\n\n\t\t<h3 class=\"m-0 p-0 font-family-body font-size-medium line-height-medium\">\n\t\t\tVenezia eclettica\t\t<\/h3>\n\n\t\t<p class=\"m-0 p-0 font-family-body font-size-small line-height-small\">\n\t\t\tDa Riva del Carbon a San Tom\u00e0\t\t<\/p>\n\t<\/a>\n\n<\/article><\/div><div class=\"col-12 col-md-6 col-lg-4\">\n<article class=\"itineraries-loop-item mb-5\">\n\n\t<a href=\"https:\/\/www.veneziadeigondolieri.it\/it\/places\/la-venezia-dei-campi\/arte\" class=\"text-decoration-none text-primary\">\n\t\t\t\t\t<div style=\"background:url(https:\/\/www.veneziadeigondolieri.it\/wp-content\/uploads\/2022\/06\/Itinerario-4_2.jpeg); background-repeat:no-repeat;background-size:cover;background-position:50%;\" class=\"loop-featured-image d-block mb-2\">\n\t\t\t<\/div>\n\t\t\n\t\t<p class=\"m-0 p-0 mt-3 font-family-title font-weight-regular font-size-small line-height-small\">\n\t\t\tItinerario 4\t\t<\/p>\n\n\t\t<h3 class=\"m-0 p-0 font-family-body font-size-medium line-height-medium\">\n\t\t\tLa Venezia dei campi\t\t<\/h3>\n\n\t\t<p class=\"m-0 p-0 font-family-body font-size-small line-height-small\">\n\t\t\tDa San Tom\u00e0 a Santa Maria del Giglio\t\t<\/p>\n\t<\/a>\n\n<\/article><\/div><div class=\"col-12 col-md-6 col-lg-4\">\n<article class=\"itineraries-loop-item mb-5\">\n\n\t<a href=\"https:\/\/www.veneziadeigondolieri.it\/it\/places\/venezia-dartista\/arte\" class=\"text-decoration-none text-primary\">\n\t\t\t\t\t<div style=\"background:url(https:\/\/www.veneziadeigondolieri.it\/wp-content\/uploads\/2022\/06\/Itinerario-4-768x788.jpeg); background-repeat:no-repeat;background-size:cover;background-position:50%;\" class=\"loop-featured-image d-block mb-2\">\n\t\t\t<\/div>\n\t\t\n\t\t<p class=\"m-0 p-0 mt-3 font-family-title font-weight-regular font-size-small line-height-small\">\n\t\t\tItinerario 5\t\t<\/p>\n\n\t\t<h3 class=\"m-0 p-0 font-family-body font-size-medium line-height-medium\">\n\t\t\tVenezia d'artista\t\t<\/h3>\n\n\t\t<p class=\"m-0 p-0 font-family-body font-size-small line-height-small\">\n\t\t\tDa Santa Maria del Giglio a parada Dogana\t\t<\/p>\n\t<\/a>\n\n<\/article><\/div><div class=\"col-12 col-md-6 col-lg-4\">\n<article class=\"itineraries-loop-item mb-5\">\n\n\t<a href=\"https:\/\/www.veneziadeigondolieri.it\/it\/places\/san-marco-e-oltre\/arte\" class=\"text-decoration-none text-primary\">\n\t\t\t\t\t<div style=\"background:url(https:\/\/www.veneziadeigondolieri.it\/wp-content\/uploads\/2022\/06\/Itinerario-6_3-768x511.jpeg); background-repeat:no-repeat;background-size:cover;background-position:50%;\" class=\"loop-featured-image d-block mb-2\">\n\t\t\t<\/div>\n\t\t\n\t\t<p class=\"m-0 p-0 mt-3 font-family-title font-weight-regular font-size-small line-height-small\">\n\t\t\tItinerario 6\t\t<\/p>\n\n\t\t<h3 class=\"m-0 p-0 font-family-body font-size-medium line-height-medium\">\n\t\t\tSan Marco e oltre\t\t<\/h3>\n\n\t\t<p class=\"m-0 p-0 font-family-body font-size-small line-height-small\">\n\t\t\tDa parada Dogana a San Pietro di Castello\t\t<\/p>\n\t<\/a>\n\n<\/article><\/div><div class=\"col-12 col-md-6 col-lg-4\">\n<article class=\"itineraries-loop-item mb-5\">\n\n\t<a href=\"https:\/\/www.veneziadeigondolieri.it\/it\/places\/alla-scoperta-delle-isole\/arte\" class=\"text-decoration-none text-primary\">\n\t\t\t\t\t<div style=\"background:url(https:\/\/www.veneziadeigondolieri.it\/wp-content\/uploads\/2022\/06\/Itinerario-7.jpeg); background-repeat:no-repeat;background-size:cover;background-position:50%;\" class=\"loop-featured-image d-block mb-2\">\n\t\t\t<\/div>\n\t\t\n\t\t<p class=\"m-0 p-0 mt-3 font-family-title font-weight-regular font-size-small line-height-small\">\n\t\t\tItinerario lagunare\t\t<\/p>\n\n\t\t<h3 class=\"m-0 p-0 font-family-body font-size-medium line-height-medium\">\n\t\t\tAlla scoperta delle isole\t\t<\/h3>\n\n\t\t<p class=\"m-0 p-0 font-family-body font-size-small line-height-small\">\n\t\t\tTra artigianato, cultura e natura\t\t<\/p>\n\t<\/a>\n\n<\/article><\/div>\n\t<\/div>\n<\/div>\n\n<\/div>\n\n\n<div class=\"wp-bootstrap-blocks-container container mb-0 px-4 mb-4\">\n\t\n\n<hr class=\"wp-block-separator has-text-color has-alpha-channel-opacity has-background is-style-wide\" style=\"background-color:#de5114;color:#de5114\"\/>\n\n\n\n<div style=\"height:35px\" aria-hidden=\"true\" class=\"wp-block-spacer\"><\/div>\n\n\n\n<h2 class=\"font-family-title font-weight-bold font-size-small line-height-small has-black-color has-text-color\" style=\"text-transform:uppercase\">VENEZIA. La guida UFFICIALE dei gondolieri<\/h2>\n\n\n\n<div style=\"height:35px\" aria-hidden=\"true\" class=\"wp-block-spacer\"><\/div>\n\n\n<div class=\"wp-bootstrap-blocks-container container mb-2\">\n\t\n<div class=\"wp-bootstrap-blocks-row row align-items-center\">\n\t\n\n<div class=\"col-12 col-md-6 col-lg-4\">\n\t\t\t\n\n<figure class=\"wp-block-image size-large w-100 img-fluid\"><img loading=\"lazy\" width=\"1024\" height=\"826\" src=\"https:\/\/www.veneziadeigondolieri.it\/wp-content\/uploads\/2022\/06\/Gondolieri_copertine-1-1024x826.jpeg\" alt=\"\" class=\"wp-image-5680\" srcset=\"https:\/\/www.veneziadeigondolieri.it\/wp-content\/uploads\/2022\/06\/Gondolieri_copertine-1-1024x826.jpeg 1024w, https:\/\/www.veneziadeigondolieri.it\/wp-content\/uploads\/2022\/06\/Gondolieri_copertine-1-300x242.jpeg 300w, https:\/\/www.veneziadeigondolieri.it\/wp-content\/uploads\/2022\/06\/Gondolieri_copertine-1-768x619.jpeg 768w, https:\/\/www.veneziadeigondolieri.it\/wp-content\/uploads\/2022\/06\/Gondolieri_copertine-1-1536x1239.jpeg 1536w, https:\/\/www.veneziadeigondolieri.it\/wp-content\/uploads\/2022\/06\/Gondolieri_copertine-1.jpeg 1653w\" sizes=\"(max-width: 1024px) 100vw, 1024px\" \/><\/figure>\n\n\t<\/div>\n\n\n\n<div class=\"col-12 col-md-6 col-lg-8 col-xl-6\">\n\t\t\t\n\n<p class=\"text-body font-size-small line-height-small font-weight-medium\">Con la nostra guida scoprirete le bellezze storiche di Venezia, ma anche una citt\u00e0 viva e pulsante: una citt\u00e0 unica, che appare antica ma \u00e8 in realt\u00e0 proiettata nel futuro, esempio da sempre di un perfetto stile di vita. A Venezia si cammina o si va in barca, ci si incontra viso a viso, si vivono ritmi a dimensione umana. Qui nulla \u00e8 fermo, tutto scorre come le maree, il movimento dell\u2019acqua \u00e8 il respiro e la forza di questa citt\u00e0 che tanto amiamo.<\/p>\n\n\n\n<a target=\"_blank\" class=\"mt-2 px-4 py-3 btn btn-secondary bg-secondary border-0 rounded-pill text-title\" style=\"font-weight:700;\" href=\"https:\/\/www.amazon.it\/dp\/8832066769\/ref=cm_sw_em_r_mt_dp_SY6TA7RFHZ2MRNVM87HK\" rel=\"noopener\">Acquista ora<\/a>\n\n\t<\/div>\n\n<\/div>\n\n<\/div>\n\n\n\n<p><\/p>\n\n<\/div>\n","protected":false},"excerpt":{"rendered":"","protected":false},"author":1,"featured_media":0,"parent":0,"menu_order":0,"comment_status":"closed","ping_status":"closed","template":"","meta":[],"yoast_head":"<!-- This site is optimized with the Yoast SEO plugin v19.2 - https:\/\/yoast.com\/wordpress\/plugins\/seo\/ -->\n<title>Venezia - La guida ufficiale dei Gondolieri<\/title>\n<meta name=\"description\" content=\"Lasciati accompagnare dai Gondolieri alla scoperta della Venezia autentica. Musei, negozi, ristoranti: scopri i consigli nella loro guida!\" \/>\n<meta name=\"robots\" content=\"index, follow, max-snippet:-1, max-image-preview:large, max-video-preview:-1\" \/>\n<link rel=\"canonical\" href=\"https:\/\/www.veneziadeigondolieri.it\/it\/\" \/>\n<meta property=\"og:locale\" content=\"it_IT\" \/>\n<meta property=\"og:type\" content=\"article\" \/>\n<meta property=\"og:title\" content=\"Venezia - La guida ufficiale dei Gondolieri\" \/>\n<meta property=\"og:description\" content=\"Lasciati accompagnare dai Gondolieri alla scoperta della Venezia autentica. Musei, negozi, ristoranti: scopri i consigli nella loro guida!\" \/>\n<meta property=\"og:url\" content=\"https:\/\/www.veneziadeigondolieri.it\/it\/\" \/>\n<meta property=\"og:site_name\" content=\"Venezia - La guida ufficiale dei Gondolieri\" \/>\n<meta property=\"article:modified_time\" content=\"2022-09-12T12:57:24+00:00\" \/>\n<meta property=\"og:image\" content=\"https:\/\/www.veneziadeigondolieri.it\/wp-content\/uploads\/2022\/06\/Gondola_homepage.jpeg\" \/>\n<meta name=\"author\" content=\"nzamborlini\" \/>\n<meta name=\"twitter:card\" content=\"summary_large_image\" \/>\n<meta name=\"twitter:label1\" content=\"Tempo di lettura stimato\" \/>\n\t<meta name=\"twitter:data1\" content=\"1 minuto\" \/>\n<script type=\"application\/ld+json\" class=\"yoast-schema-graph\">{\"@context\":\"https:\/\/schema.org\",\"@graph\":[{\"@type\":\"Organization\",\"@id\":\"https:\/\/www.veneziadeigondolieri.it\/fr\/#organization\",\"name\":\"Venezia - La Guida Ufficiale dei Gondolieri\",\"url\":\"https:\/\/www.veneziadeigondolieri.it\/fr\/\",\"sameAs\":[],\"logo\":{\"@type\":\"ImageObject\",\"inLanguage\":\"it-IT\",\"@id\":\"https:\/\/www.veneziadeigondolieri.it\/fr\/#\/schema\/logo\/image\/\",\"url\":\"https:\/\/www.veneziadeigondolieri.it\/wp-content\/uploads\/2022\/07\/logo.svg\",\"contentUrl\":\"https:\/\/www.veneziadeigondolieri.it\/wp-content\/uploads\/2022\/07\/logo.svg\",\"caption\":\"Venezia - La Guida Ufficiale dei Gondolieri\"},\"image\":{\"@id\":\"https:\/\/www.veneziadeigondolieri.it\/fr\/#\/schema\/logo\/image\/\"}},{\"@type\":\"WebSite\",\"@id\":\"https:\/\/www.veneziadeigondolieri.it\/fr\/#website\",\"url\":\"https:\/\/www.veneziadeigondolieri.it\/fr\/\",\"name\":\"Venezia - La guida ufficiale dei Gondolieri\",\"description\":\"\",\"publisher\":{\"@id\":\"https:\/\/www.veneziadeigondolieri.it\/fr\/#organization\"},\"potentialAction\":[{\"@type\":\"SearchAction\",\"target\":{\"@type\":\"EntryPoint\",\"urlTemplate\":\"https:\/\/www.veneziadeigondolieri.it\/fr\/?s={search_term_string}\"},\"query-input\":\"required name=search_term_string\"}],\"inLanguage\":\"it-IT\"},{\"@type\":\"ImageObject\",\"inLanguage\":\"it-IT\",\"@id\":\"https:\/\/www.veneziadeigondolieri.it\/it\/#primaryimage\",\"url\":\"https:\/\/www.veneziadeigondolieri.it\/wp-content\/uploads\/2022\/06\/Gondola_homepage.jpeg\",\"contentUrl\":\"https:\/\/www.veneziadeigondolieri.it\/wp-content\/uploads\/2022\/06\/Gondola_homepage.jpeg\",\"width\":1024,\"height\":1024},{\"@type\":\"WebPage\",\"@id\":\"https:\/\/www.veneziadeigondolieri.it\/it\/#webpage\",\"url\":\"https:\/\/www.veneziadeigondolieri.it\/it\/\",\"name\":\"Venezia - La guida ufficiale dei Gondolieri\",\"isPartOf\":{\"@id\":\"https:\/\/www.veneziadeigondolieri.it\/fr\/#website\"},\"primaryImageOfPage\":{\"@id\":\"https:\/\/www.veneziadeigondolieri.it\/it\/#primaryimage\"},\"datePublished\":\"2022-06-08T16:37:29+00:00\",\"dateModified\":\"2022-09-12T12:57:24+00:00\",\"description\":\"Lasciati accompagnare dai Gondolieri alla scoperta della Venezia autentica. Musei, negozi, ristoranti: scopri i consigli nella loro guida!\",\"breadcrumb\":{\"@id\":\"https:\/\/www.veneziadeigondolieri.it\/it\/#breadcrumb\"},\"inLanguage\":\"it-IT\",\"potentialAction\":[{\"@type\":\"ReadAction\",\"target\":[\"https:\/\/www.veneziadeigondolieri.it\/it\/\"]}]},{\"@type\":\"BreadcrumbList\",\"@id\":\"https:\/\/www.veneziadeigondolieri.it\/it\/#breadcrumb\",\"itemListElement\":[{\"@type\":\"ListItem\",\"position\":1,\"name\":\"Home\",\"item\":\"https:\/\/www.veneziadeigondolieri.it\/it\/\"},{\"@type\":\"ListItem\",\"position\":2,\"name\":\"Home\"}]}]}<\/script>\n<!-- \/ Yoast SEO plugin. -->","yoast_head_json":{"title":"Venezia - La guida ufficiale dei Gondolieri","description":"Lasciati accompagnare dai Gondolieri alla scoperta della Venezia autentica. Musei, negozi, ristoranti: scopri i consigli nella loro guida!","robots":{"index":"index","follow":"follow","max-snippet":"max-snippet:-1","max-image-preview":"max-image-preview:large","max-video-preview":"max-video-preview:-1"},"canonical":"https:\/\/www.veneziadeigondolieri.it\/it\/","og_locale":"it_IT","og_type":"article","og_title":"Venezia - La guida ufficiale dei Gondolieri","og_description":"Lasciati accompagnare dai Gondolieri alla scoperta della Venezia autentica. Musei, negozi, ristoranti: scopri i consigli nella loro guida!","og_url":"https:\/\/www.veneziadeigondolieri.it\/it\/","og_site_name":"Venezia - La guida ufficiale dei Gondolieri","article_modified_time":"2022-09-12T12:57:24+00:00","og_image":[{"url":"https:\/\/www.veneziadeigondolieri.it\/wp-content\/uploads\/2022\/06\/Gondola_homepage.jpeg"}],"author":"nzamborlini","twitter_card":"summary_large_image","twitter_misc":{"Tempo di lettura stimato":"1 minuto"},"schema":{"@context":"https:\/\/schema.org","@graph":[{"@type":"Organization","@id":"https:\/\/www.veneziadeigondolieri.it\/fr\/#organization","name":"Venezia - La Guida Ufficiale dei Gondolieri","url":"https:\/\/www.veneziadeigondolieri.it\/fr\/","sameAs":[],"logo":{"@type":"ImageObject","inLanguage":"it-IT","@id":"https:\/\/www.veneziadeigondolieri.it\/fr\/#\/schema\/logo\/image\/","url":"https:\/\/www.veneziadeigondolieri.it\/wp-content\/uploads\/2022\/07\/logo.svg","contentUrl":"https:\/\/www.veneziadeigondolieri.it\/wp-content\/uploads\/2022\/07\/logo.svg","caption":"Venezia - La Guida Ufficiale dei Gondolieri"},"image":{"@id":"https:\/\/www.veneziadeigondolieri.it\/fr\/#\/schema\/logo\/image\/"}},{"@type":"WebSite","@id":"https:\/\/www.veneziadeigondolieri.it\/fr\/#website","url":"https:\/\/www.veneziadeigondolieri.it\/fr\/","name":"Venezia - La guida ufficiale dei Gondolieri","description":"","publisher":{"@id":"https:\/\/www.veneziadeigondolieri.it\/fr\/#organization"},"potentialAction":[{"@type":"SearchAction","target":{"@type":"EntryPoint","urlTemplate":"https:\/\/www.veneziadeigondolieri.it\/fr\/?s={search_term_string}"},"query-input":"required name=search_term_string"}],"inLanguage":"it-IT"},{"@type":"ImageObject","inLanguage":"it-IT","@id":"https:\/\/www.veneziadeigondolieri.it\/it\/#primaryimage","url":"https:\/\/www.veneziadeigondolieri.it\/wp-content\/uploads\/2022\/06\/Gondola_homepage.jpeg","contentUrl":"https:\/\/www.veneziadeigondolieri.it\/wp-content\/uploads\/2022\/06\/Gondola_homepage.jpeg","width":1024,"height":1024},{"@type":"WebPage","@id":"https:\/\/www.veneziadeigondolieri.it\/it\/#webpage","url":"https:\/\/www.veneziadeigondolieri.it\/it\/","name":"Venezia - La guida ufficiale dei Gondolieri","isPartOf":{"@id":"https:\/\/www.veneziadeigondolieri.it\/fr\/#website"},"primaryImageOfPage":{"@id":"https:\/\/www.veneziadeigondolieri.it\/it\/#primaryimage"},"datePublished":"2022-06-08T16:37:29+00:00","dateModified":"2022-09-12T12:57:24+00:00","description":"Lasciati accompagnare dai Gondolieri alla scoperta della Venezia autentica. Musei, negozi, ristoranti: scopri i consigli nella loro guida!","breadcrumb":{"@id":"https:\/\/www.veneziadeigondolieri.it\/it\/#breadcrumb"},"inLanguage":"it-IT","potentialAction":[{"@type":"ReadAction","target":["https:\/\/www.veneziadeigondolieri.it\/it\/"]}]},{"@type":"BreadcrumbList","@id":"https:\/\/www.veneziadeigondolieri.it\/it\/#breadcrumb","itemListElement":[{"@type":"ListItem","position":1,"name":"Home","item":"https:\/\/www.veneziadeigondolieri.it\/it\/"},{"@type":"ListItem","position":2,"name":"Home"}]}]}},"_links":{"self":[{"href":"https:\/\/www.veneziadeigondolieri.it\/it\/wp-json\/wp\/v2\/pages\/264"}],"collection":[{"href":"https:\/\/www.veneziadeigondolieri.it\/it\/wp-json\/wp\/v2\/pages"}],"about":[{"href":"https:\/\/www.veneziadeigondolieri.it\/it\/wp-json\/wp\/v2\/types\/page"}],"author":[{"embeddable":true,"href":"https:\/\/www.veneziadeigondolieri.it\/it\/wp-json\/wp\/v2\/users\/1"}],"replies":[{"embeddable":true,"href":"https:\/\/www.veneziadeigondolieri.it\/it\/wp-json\/wp\/v2\/comments?post=264"}],"version-history":[{"count":46,"href":"https:\/\/www.veneziadeigondolieri.it\/it\/wp-json\/wp\/v2\/pages\/264\/revisions"}],"predecessor-version":[{"id":5242,"href":"https:\/\/www.veneziadeigondolieri.it\/it\/wp-json\/wp\/v2\/pages\/264\/revisions\/5242"}],"wp:attachment":[{"href":"https:\/\/www.veneziadeigondolieri.it\/it\/wp-json\/wp\/v2\/media?parent=264"}],"curies":[{"name":"wp","href":"https:\/\/api.w.org\/{rel}","templated":true}]}}